{"id":595,"date":"2025-08-01T16:50:46","date_gmt":"2025-08-01T14:50:46","guid":{"rendered":"https:\/\/entredeux.043test.nl\/?page_id=595"},"modified":"2025-08-08T12:33:47","modified_gmt":"2025-08-08T10:33:47","slug":"kontakt","status":"publish","type":"page","link":"https:\/\/entredeux.nl\/de\/contact\/","title":{"rendered":"Kontakt"},"content":{"rendered":"<div data-elementor-type=\"wp-page\" data-elementor-id=\"595\" class=\"elementor elementor-595\" data-elementor-post-type=\"page\">\n\t\t\t\t<div class=\"elementor-element elementor-element-494e30d e-flex e-con-boxed e-con e-parent\" data-id=\"494e30d\" data-element_type=\"container\" data-e-type=\"container\" data-settings=\"{&quot;background_background&quot;:&quot;classic&quot;,&quot;shape_divider_bottom&quot;:&quot;tilt&quot;,&quot;jet_parallax_layout_list&quot;:[]}\">\n\t\t\t\t\t<div class=\"e-con-inner\">\n\t\t\t\t<div class=\"elementor-shape elementor-shape-bottom\" aria-hidden=\"true\" data-negative=\"false\">\n\t\t\t<svg xmlns=\"http:\/\/www.w3.org\/2000\/svg\" viewbox=\"0 0 1000 100\" preserveaspectratio=\"none\">\n\t<path class=\"elementor-shape-fill\" d=\"M0,6V0h1000v100L0,6z\"\/>\n<\/svg>\t\t<\/div>\n\t\t\t\t<div class=\"elementor-element elementor-element-8299e32 elementor-widget elementor-widget-heading\" data-id=\"8299e32\" data-element_type=\"widget\" data-e-type=\"widget\" data-widget_type=\"heading.default\">\n\t\t\t\t<div class=\"elementor-widget-container\">\n\t\t\t\t\t<h1 class=\"elementor-heading-title elementor-size-default\">Kontakt<\/h1>\t\t\t\t<\/div>\n\t\t\t\t<\/div>\n\t\t\t\t\t<\/div>\n\t\t\t\t<\/div>\n\t\t<div class=\"elementor-element elementor-element-6fe90b4 e-grid e-con-boxed e-con e-parent\" data-id=\"6fe90b4\" data-element_type=\"container\" data-e-type=\"container\" data-settings=\"{&quot;jet_parallax_layout_list&quot;:[]}\">\n\t\t\t\t\t<div class=\"e-con-inner\">\n\t\t<div class=\"elementor-element elementor-element-3120322 e-con-full e-flex e-con e-child\" data-id=\"3120322\" data-element_type=\"container\" data-e-type=\"container\" data-settings=\"{&quot;jet_parallax_layout_list&quot;:[]}\">\n\t\t\t\t<div class=\"elementor-element elementor-element-4aa44fd elementor-widget elementor-widget-heading\" data-id=\"4aa44fd\" data-element_type=\"widget\" data-e-type=\"widget\" data-widget_type=\"heading.default\">\n\t\t\t\t<div class=\"elementor-widget-container\">\n\t\t\t\t\t<h2 class=\"elementor-heading-title elementor-size-default\">Entre Deux Maastricht<\/h2>\t\t\t\t<\/div>\n\t\t\t\t<\/div>\n\t\t\t\t<div class=\"elementor-element elementor-element-d60f9e8 elementor-widget elementor-widget-text-editor\" data-id=\"d60f9e8\" data-element_type=\"widget\" data-e-type=\"widget\" data-widget_type=\"text-editor.default\">\n\t\t\t\t<div class=\"elementor-widget-container\">\n\t\t\t\t\t\t\t\t\t<p>Haben Sie Fragen zum Einkaufszentrum Entre Deux, zu den Gesch\u00e4ften oder zu anderen Themen? Dann kontaktieren Sie uns bitte \u00fcber <a href=\"mailto:info@entredeux.nl\"><span style=\"text-decoration: underline;\">info@entredeux.nl<\/span><\/a> oder das untenstehende Formular. Nachdem wir das vollst\u00e4ndig ausgef\u00fcllte Formular erhalten haben, werden wir uns so schnell wie m\u00f6glich mit Ihnen in Verbindung setzen, um Ihre Frage zu beantworten. Bei Fragen zu Vermietungen oder zur Verwaltung des Entre Deux senden Sie bitte eine E-Mail an <span style=\"text-decoration: underline;\"><a href=\"mailto:vastgoed@entredeux.nl\">vastgoed@entredeux.nl<\/a><\/span> oder rufen Sie die Telefonnummer 077-4678271 an.<\/p>\t\t\t\t\t\t\t\t<\/div>\n\t\t\t\t<\/div>\n\t\t\t\t<div class=\"elementor-element elementor-element-306939d elementor-widget elementor-widget-jet-form-builder-form\" data-id=\"306939d\" data-element_type=\"widget\" data-e-type=\"widget\" data-widget_type=\"jet-form-builder-form.default\">\n\t\t\t\t<div class=\"elementor-widget-container\">\n\t\t\t\t\t<link rel='stylesheet' id='wp-block-library-css' href='https:\/\/entredeux.nl\/wp-includes\/css\/dist\/block-library\/style.min.css?ver=fbe866d75f66c09efaedab04c2f48142' media='all' \/>\n<style id=\"jet-form-builder-172-inline-css\"><\/style><form  class=\"jet-form-builder layout-column submit-type-reload\" action=\"https:\/\/entredeux.nl\/de\/wp-json\/wp\/v2\/pages\/595\/?GRH3dY=ygKqFWKc6n&#038;method=reload\" method=\"POST\" data-form-id=\"172\" data-layout=\"column\" enctype=\"multipart\/form-data\" data-clear=\"1\" novalidate=\"null\" ssr_validation_method=\"rest\" data-trp-original-action=\"https:\/\/entredeux.nl\/de\/wp-json\/wp\/v2\/pages\/595\/?GRH3dY=ygKqFWKc6n&amp;method=reload\">\r\n<input type=\"hidden\" name=\"_jfb_current_render_states[]\" value=\"DEFAULT.STATE\" data-jfb-sync \/><input type=\"hidden\" class=\"jet-form-builder__field hidden-field\" name=\"_jet_engine_booking_form_id\" data-field-name=\"_jet_engine_booking_form_id\" value=\"172\">\n<input type=\"hidden\" class=\"jet-form-builder__field hidden-field\" name=\"_jet_engine_refer\" data-field-name=\"_jet_engine_refer\" value=\"https:\/\/entredeux.nl\/de\/wp-json\/wp\/v2\/pages\/595\/\">\n<input type=\"hidden\" class=\"jet-form-builder__field hidden-field\" name=\"__queried_post_id\" data-field-name=\"__queried_post_id\" value=\"595\">\n<div  class=\"jet-form-builder-row field-type-text-field\" >\n<div class=\"jet-form-builder__label\">\r\n<div class=\"jet-form-builder__label-text\">Name<\/div><\/div><div class=\"jet-form-builder__field-wrap\">\n\t\t\t\t<input name=\"naam\" id=\"naam\" type=\"text\" data-field-name=\"naam\" class=\"jet-form-builder__field text-field\" data-jfb-sync=\"null\" autocomplete=\"off_fdhabug0\">\n\t\t\t\t\t<\/div>\n<\/div>\n\n<div  class=\"jet-form-builder-row field-type-text-field\" >\n<div class=\"jet-form-builder__label\">\r\n<div class=\"jet-form-builder__label-text\">E-Mail<\/div><\/div><div class=\"jet-form-builder__field-wrap\">\n\t\t\t\t<input name=\"email\" id=\"email\" type=\"email\" data-field-name=\"email\" class=\"jet-form-builder__field text-field\" data-jfb-sync=\"null\" autocomplete=\"off_BkAKMEWC\">\n\t\t\t\t\t<\/div>\n<\/div>\n\n<div  class=\"jet-form-builder-row field-type-textarea-field\" >\n<div class=\"jet-form-builder__label\">\r\n<div class=\"jet-form-builder__label-text\">Nachricht<\/div><\/div><div class=\"jet-form-builder__field-wrap\">\n\t\t<textarea class=\"jet-form-builder__field textarea-field\" name=\"bericht\" data-field-name=\"bericht\" id=\"bericht\" data-jfb-sync=\"null\"><\/textarea>\n\t<\/div>\n<\/div>\n\n<input type=\"hidden\" class=\"captcha-token\" name=\"_captcha_token\" value=\"\"\/><div  class=\"jet-form-builder-row field-type-submit-field\" >\n\t<div data-type=\"submit\" class=\"jet-form-builder__action-button-wrapper jet-form-builder__submit-wrap\">\n\t<button class=\"jet-form-builder__action-button jet-form-builder__submit submit-type-reload\" type=\"submit\">Versand<\/button>\n\t<\/div>\n\t\n<\/div>\t<div class=\"jet-form-builder-messages-wrap\" data-form-id=\"172\"><\/div>\n<input type=\"hidden\" name=\"trp-form-language\" value=\"de\"\/><\/form>\n\t\t\t\t<\/div>\n\t\t\t\t<\/div>\n\t\t\t\t<\/div>\n\t\t<div class=\"elementor-element elementor-element-b1b8143 e-con-full e-flex e-con e-child\" data-id=\"b1b8143\" data-element_type=\"container\" data-e-type=\"container\" data-settings=\"{&quot;jet_parallax_layout_list&quot;:[]}\">\n\t\t\t\t<div class=\"elementor-element elementor-element-ded2b8d elementor-widget elementor-widget-heading\" data-id=\"ded2b8d\" data-element_type=\"widget\" data-e-type=\"widget\" data-widget_type=\"heading.default\">\n\t\t\t\t<div class=\"elementor-widget-container\">\n\t\t\t\t\t<h2 class=\"elementor-heading-title elementor-size-default\">\u00d6ffnungszeiten<\/h2>\t\t\t\t<\/div>\n\t\t\t\t<\/div>\n\t\t\t\t<div class=\"elementor-element elementor-element-83e472b elementor-widget__width-initial elementor-widget elementor-widget-jet-price-list\" data-id=\"83e472b\" data-element_type=\"widget\" data-e-type=\"widget\" data-widget_type=\"jet-price-list.default\">\n\t\t\t\t<div class=\"elementor-widget-container\">\n\t\t\t\t\t<div class=\"elementor-jet-price-list jet-elements\">\n<ul class=\"jet-price-list\"><li class=\"price-list__item\"><div class=\"price-list__item-inner\"><div class=\"price-list__item-content\"><div class=\"price-list__item-title__wrapper\"><h5 class=\"price-list__item-title\">Montag<\/h5><div class=\"price-list__item-separator\"><\/div><div class=\"price-list__item-price\">12:00 - 18:00<\/div><\/div><\/div><\/div><\/li><li class=\"price-list__item\"><div class=\"price-list__item-inner\"><div class=\"price-list__item-content\"><div class=\"price-list__item-title__wrapper\"><h5 class=\"price-list__item-title\">Dienstag<\/h5><div class=\"price-list__item-separator\"><\/div><div class=\"price-list__item-price\">10:00 - 18:00<\/div><\/div><\/div><\/div><\/li><li class=\"price-list__item\"><div class=\"price-list__item-inner\"><div class=\"price-list__item-content\"><div class=\"price-list__item-title__wrapper\"><h5 class=\"price-list__item-title\">Mittwoch<\/h5><div class=\"price-list__item-separator\"><\/div><div class=\"price-list__item-price\">10:00 - 18:00<\/div><\/div><\/div><\/div><\/li><li class=\"price-list__item\"><div class=\"price-list__item-inner\"><div class=\"price-list__item-content\"><div class=\"price-list__item-title__wrapper\"><h5 class=\"price-list__item-title\">Donnerstag<\/h5><div class=\"price-list__item-separator\"><\/div><div class=\"price-list__item-price\">10:00 - 21:00<\/div><\/div><\/div><\/div><\/li><li class=\"price-list__item\"><div class=\"price-list__item-inner\"><div class=\"price-list__item-content\"><div class=\"price-list__item-title__wrapper\"><h5 class=\"price-list__item-title\">Freitag<\/h5><div class=\"price-list__item-separator\"><\/div><div class=\"price-list__item-price\">10:00 - 18:00<\/div><\/div><\/div><\/div><\/li><li class=\"price-list__item\"><div class=\"price-list__item-inner\"><div class=\"price-list__item-content\"><div class=\"price-list__item-title__wrapper\"><h5 class=\"price-list__item-title\">Samstag<\/h5><div class=\"price-list__item-separator\"><\/div><div class=\"price-list__item-price\">10:00 - 18:00<\/div><\/div><\/div><\/div><\/li><li class=\"price-list__item\"><div class=\"price-list__item-inner\"><div class=\"price-list__item-content\"><div class=\"price-list__item-title__wrapper\"><h5 class=\"price-list__item-title\">Sonntag<\/h5><div class=\"price-list__item-separator\"><\/div><div class=\"price-list__item-price\">12:00 - 18:00<\/div><\/div><\/div><\/div><\/li><\/ul><\/div>\t\t\t\t<\/div>\n\t\t\t\t<\/div>\n\t\t<div class=\"elementor-element elementor-element-7e0f416 e-con-full jedv-enabled--yes e-flex e-con e-child\" data-id=\"7e0f416\" data-element_type=\"container\" data-e-type=\"container\" data-settings=\"{&quot;jet_parallax_layout_list&quot;:[]}\">\n\t\t\t\t<div class=\"elementor-element elementor-element-0b6734c elementor-widget elementor-widget-heading\" data-id=\"0b6734c\" data-element_type=\"widget\" data-e-type=\"widget\" data-widget_type=\"heading.default\">\n\t\t\t\t<div class=\"elementor-widget-container\">\n\t\t\t\t\t<h2 class=\"elementor-heading-title elementor-size-default\">Besondere Tage<\/h2>\t\t\t\t<\/div>\n\t\t\t\t<\/div>\n\t\t\t\t<div class=\"elementor-element elementor-element-36e8728 special elementor-widget elementor-widget-text-editor\" data-id=\"36e8728\" data-element_type=\"widget\" data-e-type=\"widget\" data-widget_type=\"text-editor.default\">\n\t\t\t\t<div class=\"elementor-widget-container\">\n\t\t\t\t\t\t\t\t\t<p>Sonntag, 15. Februar: geschlossen<br \/>\nMontag, 16. Februar: geschlossen<br \/>\nDienstag, 17. Februar: geschlossen<br \/>\nSonntag, 5. April (Ostersonntag): geschlossen<br \/>\nMontag, 6. April (Ostermontag): 12:00 - 18:00 Uhr<br \/>\nMontag, 27. April (Tag des K\u00f6nigs): 10-18 Uhr.<br \/>\nDonnerstag, 14. Mai (Himmelfahrt): 12:00-18:00 Uhr<br \/>\nSonntag, 24. Mai (Pfingstsonntag): geschlossen<br \/>\nMontag, 25. Mai (Pfingstmontag): 12:00 - 18:00<\/p>\n\t\t\t\t\t\t\t\t<\/div>\n\t\t\t\t<\/div>\n\t\t\t\t<\/div>\n\t\t\t\t<\/div>\n\t\t\t\t\t<\/div>\n\t\t\t\t<\/div>\n\t\t<div class=\"elementor-element elementor-element-4c44c63 e-con-full e-flex e-con e-parent\" data-id=\"4c44c63\" data-element_type=\"container\" data-e-type=\"container\" data-settings=\"{&quot;jet_parallax_layout_list&quot;:[]}\">\n\t\t\t\t<div class=\"elementor-element elementor-element-3da192b elementor-widget elementor-widget-google_maps\" data-id=\"3da192b\" data-element_type=\"widget\" data-e-type=\"widget\" data-widget_type=\"google_maps.default\">\n\t\t\t\t<div class=\"elementor-widget-container\">\n\t\t\t\t\t\t\t<div class=\"elementor-custom-embed\">\n\t\t\t<iframe loading=\"lazy\"\n\t\t\t\t\tsrc=\"https:\/\/maps.google.com\/maps?q=Entre%20Deux%20Maastricht&#038;t=m&#038;z=16&#038;output=embed&#038;iwloc=near\"\n\t\t\t\t\ttitle=\"Entre Deux Maastricht\"\n\t\t\t\t\taria-label=\"Entre Deux Maastricht\"\n\t\t\t><\/iframe>\n\t\t<\/div>\n\t\t\t\t\t\t<\/div>\n\t\t\t\t<\/div>\n\t\t\t\t<\/div>\n\t\t\t\t<\/div>","protected":false},"excerpt":{"rendered":"<p>Contact Entre Deux Maastricht Heb je vragen over winkelcentrum Entre Deux, de winkels of andere gerelateerde onderwerpen? Neem dan contact op via info@entredeux.nl of onderstaand formulier. Nadat we het volledig ingevulde formulier ontvangen hebben, nemen we zo snel mogelijk contact op om je vraag te beantwoorden. Voor vragen over verhuur of het beheer van Entre [&hellip;]<\/p>\n","protected":false},"author":1,"featured_media":0,"parent":0,"menu_order":0,"comment_status":"closed","ping_status":"closed","template":"elementor_header_footer","meta":{"footnotes":""},"class_list":["post-595","page","type-page","status-publish","hentry"],"_links":{"self":[{"href":"https:\/\/entredeux.nl\/de\/wp-json\/wp\/v2\/pages\/595","targetHints":{"allow":["GET"]}}],"collection":[{"href":"https:\/\/entredeux.nl\/de\/wp-json\/wp\/v2\/pages"}],"about":[{"href":"https:\/\/entredeux.nl\/de\/wp-json\/wp\/v2\/types\/page"}],"author":[{"embeddable":true,"href":"https:\/\/entredeux.nl\/de\/wp-json\/wp\/v2\/users\/1"}],"replies":[{"embeddable":true,"href":"https:\/\/entredeux.nl\/de\/wp-json\/wp\/v2\/comments?post=595"}],"version-history":[{"count":5,"href":"https:\/\/entredeux.nl\/de\/wp-json\/wp\/v2\/pages\/595\/revisions"}],"predecessor-version":[{"id":758,"href":"https:\/\/entredeux.nl\/de\/wp-json\/wp\/v2\/pages\/595\/revisions\/758"}],"wp:attachment":[{"href":"https:\/\/entredeux.nl\/de\/wp-json\/wp\/v2\/media?parent=595"}],"curies":[{"name":"wp","href":"https:\/\/api.w.org\/{rel}","templated":true}]}}