{"id":586,"date":"2025-08-01T16:34:52","date_gmt":"2025-08-01T14:34:52","guid":{"rendered":"https:\/\/entredeux.043test.nl\/?page_id=586"},"modified":"2025-08-13T09:51:06","modified_gmt":"2025-08-13T07:51:06","slug":"offnungszeit","status":"publish","type":"page","link":"https:\/\/entredeux.nl\/de\/openingstijden\/","title":{"rendered":"\u00d6ffnungszeiten"},"content":{"rendered":"\t\t<div data-elementor-type=\"wp-page\" data-elementor-id=\"586\" class=\"elementor elementor-586\" data-elementor-post-type=\"page\">\n\t\t\t\t<div class=\"elementor-element elementor-element-b232a69 e-flex e-con-boxed e-con e-parent\" data-id=\"b232a69\" data-element_type=\"container\" data-e-type=\"container\" data-settings=\"{&quot;background_background&quot;:&quot;classic&quot;,&quot;shape_divider_bottom&quot;:&quot;tilt&quot;,&quot;jet_parallax_layout_list&quot;:[]}\">\n\t\t\t\t\t<div class=\"e-con-inner\">\n\t\t\t\t<div class=\"elementor-shape elementor-shape-bottom\" aria-hidden=\"true\" data-negative=\"false\">\n\t\t\t<svg xmlns=\"http:\/\/www.w3.org\/2000\/svg\" viewBox=\"0 0 1000 100\" preserveAspectRatio=\"none\">\n\t<path class=\"elementor-shape-fill\" d=\"M0,6V0h1000v100L0,6z\"\/>\n<\/svg>\t\t<\/div>\n\t\t\t\t<div class=\"elementor-element elementor-element-d5c8384 elementor-widget elementor-widget-heading\" data-id=\"d5c8384\" data-element_type=\"widget\" data-e-type=\"widget\" data-widget_type=\"heading.default\">\n\t\t\t\t<div class=\"elementor-widget-container\">\n\t\t\t\t\t<h1 class=\"elementor-heading-title elementor-size-default\">Openingstijden<\/h1>\t\t\t\t<\/div>\n\t\t\t\t<\/div>\n\t\t\t\t\t<\/div>\n\t\t\t\t<\/div>\n\t\t<div class=\"elementor-element elementor-element-ab9c619 e-flex e-con-boxed e-con e-parent\" data-id=\"ab9c619\" data-element_type=\"container\" data-e-type=\"container\" data-settings=\"{&quot;animation&quot;:&quot;none&quot;,&quot;jet_parallax_layout_list&quot;:[]}\">\n\t\t\t\t\t<div class=\"e-con-inner\">\n\t\t<div class=\"elementor-element elementor-element-41f6e16 e-con-full e-flex e-con e-child\" data-id=\"41f6e16\" data-element_type=\"container\" data-e-type=\"container\" data-settings=\"{&quot;jet_parallax_layout_list&quot;:[]}\">\n\t\t\t\t<div class=\"elementor-element elementor-element-47b85ed elementor-widget elementor-widget-heading\" data-id=\"47b85ed\" data-element_type=\"widget\" data-e-type=\"widget\" data-widget_type=\"heading.default\">\n\t\t\t\t<div class=\"elementor-widget-container\">\n\t\t\t\t\t<h2 class=\"elementor-heading-title elementor-size-default\">Openingstijden<\/h2>\t\t\t\t<\/div>\n\t\t\t\t<\/div>\n\t\t\t\t<div class=\"elementor-element elementor-element-77a07ee elementor-widget__width-initial elementor-widget elementor-widget-jet-price-list\" data-id=\"77a07ee\" data-element_type=\"widget\" data-e-type=\"widget\" data-widget_type=\"jet-price-list.default\">\n\t\t\t\t<div class=\"elementor-widget-container\">\n\t\t\t\t\t<div class=\"elementor-jet-price-list jet-elements\">\n<ul class=\"jet-price-list\"><li class=\"price-list__item\"><div class=\"price-list__item-inner\"><div class=\"price-list__item-content\"><div class=\"price-list__item-title__wrapper\"><h5 class=\"price-list__item-title\">Maandag<\/h5><div class=\"price-list__item-separator\"><\/div><div class=\"price-list__item-price\">12:00 - 18:00<\/div><\/div><\/div><\/div><\/li><li class=\"price-list__item\"><div class=\"price-list__item-inner\"><div class=\"price-list__item-content\"><div class=\"price-list__item-title__wrapper\"><h5 class=\"price-list__item-title\">Dinsdag<\/h5><div class=\"price-list__item-separator\"><\/div><div class=\"price-list__item-price\">10:00 - 18:00<\/div><\/div><\/div><\/div><\/li><li class=\"price-list__item\"><div class=\"price-list__item-inner\"><div class=\"price-list__item-content\"><div class=\"price-list__item-title__wrapper\"><h5 class=\"price-list__item-title\">Woensdag<\/h5><div class=\"price-list__item-separator\"><\/div><div class=\"price-list__item-price\">10:00 - 18:00<\/div><\/div><\/div><\/div><\/li><li class=\"price-list__item\"><div class=\"price-list__item-inner\"><div class=\"price-list__item-content\"><div class=\"price-list__item-title__wrapper\"><h5 class=\"price-list__item-title\">Donderdag<\/h5><div class=\"price-list__item-separator\"><\/div><div class=\"price-list__item-price\">10:00 - 21:00<\/div><\/div><\/div><\/div><\/li><li class=\"price-list__item\"><div class=\"price-list__item-inner\"><div class=\"price-list__item-content\"><div class=\"price-list__item-title__wrapper\"><h5 class=\"price-list__item-title\">Vrijdag<\/h5><div class=\"price-list__item-separator\"><\/div><div class=\"price-list__item-price\">10:00 - 18:00<\/div><\/div><\/div><\/div><\/li><li class=\"price-list__item\"><div class=\"price-list__item-inner\"><div class=\"price-list__item-content\"><div class=\"price-list__item-title__wrapper\"><h5 class=\"price-list__item-title\">Zaterdag<\/h5><div class=\"price-list__item-separator\"><\/div><div class=\"price-list__item-price\">10:00 - 18:00<\/div><\/div><\/div><\/div><\/li><li class=\"price-list__item\"><div class=\"price-list__item-inner\"><div class=\"price-list__item-content\"><div class=\"price-list__item-title__wrapper\"><h5 class=\"price-list__item-title\">Zondag<\/h5><div class=\"price-list__item-separator\"><\/div><div class=\"price-list__item-price\">12:00 - 18:00<\/div><\/div><\/div><\/div><\/li><\/ul><\/div>\t\t\t\t<\/div>\n\t\t\t\t<\/div>\n\t\t<div class=\"elementor-element elementor-element-3d48481 e-con-full jedv-enabled--yes e-flex e-con e-child\" data-id=\"3d48481\" data-element_type=\"container\" data-e-type=\"container\" data-settings=\"{&quot;jet_parallax_layout_list&quot;:[]}\">\n\t\t\t\t<div class=\"elementor-element elementor-element-641b485 elementor-widget elementor-widget-heading\" data-id=\"641b485\" data-element_type=\"widget\" data-e-type=\"widget\" data-widget_type=\"heading.default\">\n\t\t\t\t<div class=\"elementor-widget-container\">\n\t\t\t\t\t<h2 class=\"elementor-heading-title elementor-size-default\">Speciale dagen<\/h2>\t\t\t\t<\/div>\n\t\t\t\t<\/div>\n\t\t\t\t<div class=\"elementor-element elementor-element-ab9653e special elementor-widget elementor-widget-text-editor\" data-id=\"ab9653e\" data-element_type=\"widget\" data-e-type=\"widget\" data-widget_type=\"text-editor.default\">\n\t\t\t\t<div class=\"elementor-widget-container\">\n\t\t\t\t\t\t\t\t\t<p>Zondag 15 februari: gesloten<br \/>\nMaandag 16 februari: gesloten<br \/>\nDinsdag 17 februari: gesloten<br \/>\nZondag 5 april (1e Paasdag): gesloten<br \/>\nMaandag 6 april (2e Paasdag): 12:00 uur- 18:00 uur<br \/>\nMaandag 27 april (Koningsdag): 10:00 uur- 18:00 uur<br \/>\nDonderdag 14 mei (Hemelvaart): 12:00 uur- 18:00 uur<br \/>\nZondag 24 mei (1e Pinksterdag): gesloten<br \/>\nMaandag 25 mei (2e Pinksterdag): 12:00 uur \u2013 18:00 uur<\/p>\n\t\t\t\t\t\t\t\t<\/div>\n\t\t\t\t<\/div>\n\t\t\t\t<\/div>\n\t\t\t\t<\/div>\n\t\t<div class=\"elementor-element elementor-element-ffbf7fe elementor-hidden-mobile e-con-full e-flex e-con e-child\" data-id=\"ffbf7fe\" data-element_type=\"container\" data-e-type=\"container\" data-settings=\"{&quot;animation&quot;:&quot;none&quot;,&quot;jet_parallax_layout_list&quot;:[]}\">\n\t\t\t\t<div class=\"elementor-element elementor-element-e1607ed elementor-widget elementor-widget-jet-listing-grid\" data-id=\"e1607ed\" data-element_type=\"widget\" data-e-type=\"widget\" data-settings=\"{&quot;columns&quot;:&quot;3&quot;,&quot;columns_tablet&quot;:&quot;2&quot;}\" data-widget_type=\"jet-listing-grid.default\">\n\t\t\t\t<div class=\"elementor-widget-container\">\n\t\t\t\t\t<div class=\"jet-listing-grid jet-listing\"><div class=\"jet-listing-grid__items grid-col-desk-3 grid-col-tablet-2 grid-col-mobile-2 jet-listing-grid--553 jet-equal-columns__wrapper grid-collapse-gap\" data-queried-id=\"586|WP_Post\" data-nav=\"{&quot;enabled&quot;:false,&quot;type&quot;:null,&quot;more_el&quot;:null,&quot;query&quot;:[],&quot;widget_settings&quot;:{&quot;lisitng_id&quot;:553,&quot;posts_num&quot;:6,&quot;columns&quot;:3,&quot;columns_tablet&quot;:2,&quot;columns_mobile&quot;:2,&quot;column_min_width&quot;:240,&quot;column_min_width_tablet&quot;:240,&quot;column_min_width_mobile&quot;:240,&quot;inline_columns_css&quot;:false,&quot;is_archive_template&quot;:&quot;&quot;,&quot;post_status&quot;:[&quot;publish&quot;],&quot;use_random_posts_num&quot;:&quot;&quot;,&quot;max_posts_num&quot;:9,&quot;not_found_message&quot;:&quot;No data was found&quot;,&quot;is_masonry&quot;:false,&quot;equal_columns_height&quot;:&quot;yes&quot;,&quot;use_load_more&quot;:&quot;&quot;,&quot;load_more_id&quot;:&quot;&quot;,&quot;load_more_type&quot;:&quot;click&quot;,&quot;load_more_offset&quot;:null,&quot;use_custom_post_types&quot;:&quot;&quot;,&quot;custom_post_types&quot;:[],&quot;hide_widget_if&quot;:&quot;&quot;,&quot;carousel_enabled&quot;:&quot;&quot;,&quot;slides_to_scroll&quot;:&quot;1&quot;,&quot;arrows&quot;:&quot;true&quot;,&quot;arrow_icon&quot;:&quot;fa fa-angle-left&quot;,&quot;dots&quot;:&quot;&quot;,&quot;autoplay&quot;:&quot;true&quot;,&quot;pause_on_hover&quot;:&quot;true&quot;,&quot;autoplay_speed&quot;:5000,&quot;infinite&quot;:&quot;true&quot;,&quot;center_mode&quot;:&quot;&quot;,&quot;effect&quot;:&quot;slide&quot;,&quot;speed&quot;:500,&quot;inject_alternative_items&quot;:&quot;&quot;,&quot;injection_items&quot;:[],&quot;scroll_slider_enabled&quot;:&quot;&quot;,&quot;scroll_slider_on&quot;:[&quot;desktop&quot;,&quot;tablet&quot;,&quot;mobile&quot;],&quot;custom_query&quot;:&quot;yes&quot;,&quot;custom_query_id&quot;:&quot;7&quot;,&quot;_element_id&quot;:&quot;&quot;,&quot;collapse_first_last_gap&quot;:&quot;true&quot;,&quot;list_tag_selection&quot;:&quot;&quot;,&quot;list_items_wrapper_tag&quot;:&quot;div&quot;,&quot;list_item_tag&quot;:&quot;div&quot;,&quot;empty_items_wrapper_tag&quot;:&quot;div&quot;}}\" data-page=\"1\" data-pages=\"3\" data-listing-source=\"query\" data-listing-id=\"553\" data-query-id=\"7\"><div class=\"jet-listing-grid__item jet-listing-dynamic-post-646 jet-equal-columns\" data-post-id=\"646\"  ><style type=\"text\/css\">.jet-listing-dynamic-post-646 .elementor-element.elementor-element-3198927 > .elementor-widget-container{background-color:#000000;}<\/style><div class=\"jet-engine-listing-overlay-wrap\" data-url=\"https:\/\/entredeux.nl\/de\/winkels\/only-sons\/\">\t\t<div data-elementor-type=\"jet-listing-items\" data-elementor-id=\"553\" class=\"elementor elementor-553\" data-elementor-post-type=\"jet-engine\">\n\t\t\t\t<div class=\"elementor-element elementor-element-63a9857 e-flex e-con-boxed e-con e-parent\" data-id=\"63a9857\" data-element_type=\"container\" data-e-type=\"container\" data-settings=\"{&quot;jet_parallax_layout_list&quot;:[]}\">\n\t\t\t\t\t<div class=\"e-con-inner\">\n\t\t\t\t<div class=\"elementor-element elementor-element-3198927 img-ratio-1-1-contain elementor-widget elementor-widget-image\" data-id=\"3198927\" data-element_type=\"widget\" data-e-type=\"widget\" data-widget_type=\"image.default\">\n\t\t\t\t<div class=\"elementor-widget-container\">\n\t\t\t\t\t\t\t\t\t\t\t\t\t\t\t<img fetchpriority=\"high\" decoding=\"async\" width=\"2560\" height=\"2560\" src=\"https:\/\/entredeux.nl\/wp-content\/uploads\/2025\/08\/Only-and-sons-scaled-1.jpg\" class=\"attachment-full size-full wp-image-467\" alt=\"\" srcset=\"https:\/\/entredeux.nl\/wp-content\/uploads\/2025\/08\/Only-and-sons-scaled-1.jpg 2560w, https:\/\/entredeux.nl\/wp-content\/uploads\/2025\/08\/Only-and-sons-scaled-1-300x300.jpg 300w, https:\/\/entredeux.nl\/wp-content\/uploads\/2025\/08\/Only-and-sons-scaled-1-1024x1024.jpg 1024w, https:\/\/entredeux.nl\/wp-content\/uploads\/2025\/08\/Only-and-sons-scaled-1-150x150.jpg 150w, https:\/\/entredeux.nl\/wp-content\/uploads\/2025\/08\/Only-and-sons-scaled-1-768x768.jpg 768w, https:\/\/entredeux.nl\/wp-content\/uploads\/2025\/08\/Only-and-sons-scaled-1-1536x1536.jpg 1536w, https:\/\/entredeux.nl\/wp-content\/uploads\/2025\/08\/Only-and-sons-scaled-1-2048x2048.jpg 2048w\" sizes=\"(max-width: 2560px) 100vw, 2560px\" title=\"\">\t\t\t\t\t\t\t\t\t\t\t\t\t\t\t<\/div>\n\t\t\t\t<\/div>\n\t\t\t\t\t<\/div>\n\t\t\t\t<\/div>\n\t\t\t\t<\/div>\n\t\t<a href=\"https:\/\/entredeux.nl\/de\/winkels\/only-sons\/\" class=\"jet-engine-listing-overlay-link\"><\/a><\/div><\/div><div class=\"jet-listing-grid__item jet-listing-dynamic-post-643 jet-equal-columns\" data-post-id=\"643\"  ><style type=\"text\/css\">.jet-listing-dynamic-post-643 .elementor-element.elementor-element-3198927 > .elementor-widget-container{background-color:#000000;}<\/style><div class=\"jet-engine-listing-overlay-wrap\" data-url=\"https:\/\/entredeux.nl\/de\/winkels\/rejoes\/\">\t\t<div data-elementor-type=\"jet-listing-items\" data-elementor-id=\"553\" class=\"elementor elementor-553\" data-elementor-post-type=\"jet-engine\">\n\t\t\t\t<div class=\"elementor-element elementor-element-63a9857 e-flex e-con-boxed e-con e-parent\" data-id=\"63a9857\" data-element_type=\"container\" data-e-type=\"container\" data-settings=\"{&quot;jet_parallax_layout_list&quot;:[]}\">\n\t\t\t\t\t<div class=\"e-con-inner\">\n\t\t\t\t<div class=\"elementor-element elementor-element-3198927 img-ratio-1-1-contain elementor-widget elementor-widget-image\" data-id=\"3198927\" data-element_type=\"widget\" data-e-type=\"widget\" data-widget_type=\"image.default\">\n\t\t\t\t<div class=\"elementor-widget-container\">\n\t\t\t\t\t\t\t\t\t\t\t\t\t\t\t<img decoding=\"async\" width=\"843\" height=\"843\" src=\"https:\/\/entredeux.nl\/wp-content\/uploads\/2025\/08\/rejoes.jpg\" class=\"attachment-full size-full wp-image-480\" alt=\"\" srcset=\"https:\/\/entredeux.nl\/wp-content\/uploads\/2025\/08\/rejoes.jpg 843w, https:\/\/entredeux.nl\/wp-content\/uploads\/2025\/08\/rejoes-300x300.jpg 300w, https:\/\/entredeux.nl\/wp-content\/uploads\/2025\/08\/rejoes-150x150.jpg 150w, https:\/\/entredeux.nl\/wp-content\/uploads\/2025\/08\/rejoes-768x768.jpg 768w\" sizes=\"(max-width: 843px) 100vw, 843px\" title=\"\">\t\t\t\t\t\t\t\t\t\t\t\t\t\t\t<\/div>\n\t\t\t\t<\/div>\n\t\t\t\t\t<\/div>\n\t\t\t\t<\/div>\n\t\t\t\t<\/div>\n\t\t<a href=\"https:\/\/entredeux.nl\/de\/winkels\/rejoes\/\" class=\"jet-engine-listing-overlay-link\"><\/a><\/div><\/div><div class=\"jet-listing-grid__item jet-listing-dynamic-post-654 jet-equal-columns\" data-post-id=\"654\"  ><style type=\"text\/css\">.jet-listing-dynamic-post-654 .elementor-element.elementor-element-3198927 > .elementor-widget-container{background-color:#000000;}<\/style><div class=\"jet-engine-listing-overlay-wrap\" data-url=\"https:\/\/entredeux.nl\/de\/winkels\/urban-outfitters\/\">\t\t<div data-elementor-type=\"jet-listing-items\" data-elementor-id=\"553\" class=\"elementor elementor-553\" data-elementor-post-type=\"jet-engine\">\n\t\t\t\t<div class=\"elementor-element elementor-element-63a9857 e-flex e-con-boxed e-con e-parent\" data-id=\"63a9857\" data-element_type=\"container\" data-e-type=\"container\" data-settings=\"{&quot;jet_parallax_layout_list&quot;:[]}\">\n\t\t\t\t\t<div class=\"e-con-inner\">\n\t\t\t\t<div class=\"elementor-element elementor-element-3198927 img-ratio-1-1-contain elementor-widget elementor-widget-image\" data-id=\"3198927\" data-element_type=\"widget\" data-e-type=\"widget\" data-widget_type=\"image.default\">\n\t\t\t\t<div class=\"elementor-widget-container\">\n\t\t\t\t\t\t\t\t\t\t\t\t\t\t\t<img decoding=\"async\" width=\"1006\" height=\"1006\" src=\"https:\/\/entredeux.nl\/wp-content\/uploads\/2025\/08\/Screenshot-2021-11-04-at-16.57.28.png\" class=\"attachment-full size-full wp-image-485\" alt=\"\" srcset=\"https:\/\/entredeux.nl\/wp-content\/uploads\/2025\/08\/Screenshot-2021-11-04-at-16.57.28.png 1006w, https:\/\/entredeux.nl\/wp-content\/uploads\/2025\/08\/Screenshot-2021-11-04-at-16.57.28-300x300.png 300w, https:\/\/entredeux.nl\/wp-content\/uploads\/2025\/08\/Screenshot-2021-11-04-at-16.57.28-150x150.png 150w, https:\/\/entredeux.nl\/wp-content\/uploads\/2025\/08\/Screenshot-2021-11-04-at-16.57.28-768x768.png 768w\" sizes=\"(max-width: 1006px) 100vw, 1006px\" title=\"\">\t\t\t\t\t\t\t\t\t\t\t\t\t\t\t<\/div>\n\t\t\t\t<\/div>\n\t\t\t\t\t<\/div>\n\t\t\t\t<\/div>\n\t\t\t\t<\/div>\n\t\t<a href=\"https:\/\/entredeux.nl\/de\/winkels\/urban-outfitters\/\" class=\"jet-engine-listing-overlay-link\"><\/a><\/div><\/div><div class=\"jet-listing-grid__item jet-listing-dynamic-post-657 jet-equal-columns\" data-post-id=\"657\"  ><style type=\"text\/css\">.jet-listing-dynamic-post-657 .elementor-element.elementor-element-3198927 > .elementor-widget-container{background-color:#000000;}<\/style><div class=\"jet-engine-listing-overlay-wrap\" data-url=\"https:\/\/entredeux.nl\/de\/winkels\/hollister-co\/\">\t\t<div data-elementor-type=\"jet-listing-items\" data-elementor-id=\"553\" class=\"elementor elementor-553\" data-elementor-post-type=\"jet-engine\">\n\t\t\t\t<div class=\"elementor-element elementor-element-63a9857 e-flex e-con-boxed e-con e-parent\" data-id=\"63a9857\" data-element_type=\"container\" data-e-type=\"container\" data-settings=\"{&quot;jet_parallax_layout_list&quot;:[]}\">\n\t\t\t\t\t<div class=\"e-con-inner\">\n\t\t\t\t<div class=\"elementor-element elementor-element-3198927 img-ratio-1-1-contain elementor-widget elementor-widget-image\" data-id=\"3198927\" data-element_type=\"widget\" data-e-type=\"widget\" data-widget_type=\"image.default\">\n\t\t\t\t<div class=\"elementor-widget-container\">\n\t\t\t\t\t\t\t\t\t\t\t\t\t\t\t<img loading=\"lazy\" decoding=\"async\" width=\"997\" height=\"1000\" src=\"https:\/\/entredeux.nl\/wp-content\/uploads\/2025\/08\/Screenshot-2021-11-04-at-16.59.06.png\" class=\"attachment-full size-full wp-image-487\" alt=\"\" srcset=\"https:\/\/entredeux.nl\/wp-content\/uploads\/2025\/08\/Screenshot-2021-11-04-at-16.59.06.png 997w, https:\/\/entredeux.nl\/wp-content\/uploads\/2025\/08\/Screenshot-2021-11-04-at-16.59.06-300x300.png 300w, https:\/\/entredeux.nl\/wp-content\/uploads\/2025\/08\/Screenshot-2021-11-04-at-16.59.06-150x150.png 150w, https:\/\/entredeux.nl\/wp-content\/uploads\/2025\/08\/Screenshot-2021-11-04-at-16.59.06-768x770.png 768w\" sizes=\"(max-width: 997px) 100vw, 997px\" title=\"\">\t\t\t\t\t\t\t\t\t\t\t\t\t\t\t<\/div>\n\t\t\t\t<\/div>\n\t\t\t\t\t<\/div>\n\t\t\t\t<\/div>\n\t\t\t\t<\/div>\n\t\t<a href=\"https:\/\/entredeux.nl\/de\/winkels\/hollister-co\/\" class=\"jet-engine-listing-overlay-link\"><\/a><\/div><\/div><div class=\"jet-listing-grid__item jet-listing-dynamic-post-675 jet-equal-columns\" data-post-id=\"675\"  ><style type=\"text\/css\">.jet-listing-dynamic-post-675 .elementor-element.elementor-element-3198927 > .elementor-widget-container{background-color:#000000;}<\/style><div class=\"jet-engine-listing-overlay-wrap\" data-url=\"https:\/\/entredeux.nl\/de\/winkels\/selected\/\">\t\t<div data-elementor-type=\"jet-listing-items\" data-elementor-id=\"553\" class=\"elementor elementor-553\" data-elementor-post-type=\"jet-engine\">\n\t\t\t\t<div class=\"elementor-element elementor-element-63a9857 e-flex e-con-boxed e-con e-parent\" data-id=\"63a9857\" data-element_type=\"container\" data-e-type=\"container\" data-settings=\"{&quot;jet_parallax_layout_list&quot;:[]}\">\n\t\t\t\t\t<div class=\"e-con-inner\">\n\t\t\t\t<div class=\"elementor-element elementor-element-3198927 img-ratio-1-1-contain elementor-widget elementor-widget-image\" data-id=\"3198927\" data-element_type=\"widget\" data-e-type=\"widget\" data-widget_type=\"image.default\">\n\t\t\t\t<div class=\"elementor-widget-container\">\n\t\t\t\t\t\t\t\t\t\t\t\t\t\t\t<img loading=\"lazy\" decoding=\"async\" width=\"1024\" height=\"1024\" src=\"https:\/\/entredeux.nl\/wp-content\/uploads\/2025\/08\/Selected-nieuw-.png\" class=\"attachment-full size-full wp-image-489\" alt=\"\" srcset=\"https:\/\/entredeux.nl\/wp-content\/uploads\/2025\/08\/Selected-nieuw-.png 1024w, https:\/\/entredeux.nl\/wp-content\/uploads\/2025\/08\/Selected-nieuw--300x300.png 300w, https:\/\/entredeux.nl\/wp-content\/uploads\/2025\/08\/Selected-nieuw--150x150.png 150w, https:\/\/entredeux.nl\/wp-content\/uploads\/2025\/08\/Selected-nieuw--768x768.png 768w\" sizes=\"(max-width: 1024px) 100vw, 1024px\" title=\"\">\t\t\t\t\t\t\t\t\t\t\t\t\t\t\t<\/div>\n\t\t\t\t<\/div>\n\t\t\t\t\t<\/div>\n\t\t\t\t<\/div>\n\t\t\t\t<\/div>\n\t\t<a href=\"https:\/\/entredeux.nl\/de\/winkels\/selected\/\" class=\"jet-engine-listing-overlay-link\"><\/a><\/div><\/div><div class=\"jet-listing-grid__item jet-listing-dynamic-post-681 jet-equal-columns\" data-post-id=\"681\"  ><style type=\"text\/css\">.jet-listing-dynamic-post-681 .elementor-element.elementor-element-3198927 > .elementor-widget-container{background-color:#000000;}<\/style><div class=\"jet-engine-listing-overlay-wrap\" data-url=\"https:\/\/entredeux.nl\/de\/winkels\/boekhandel-dominicanen\/\">\t\t<div data-elementor-type=\"jet-listing-items\" data-elementor-id=\"553\" class=\"elementor elementor-553\" data-elementor-post-type=\"jet-engine\">\n\t\t\t\t<div class=\"elementor-element elementor-element-63a9857 e-flex e-con-boxed e-con e-parent\" data-id=\"63a9857\" data-element_type=\"container\" data-e-type=\"container\" data-settings=\"{&quot;jet_parallax_layout_list&quot;:[]}\">\n\t\t\t\t\t<div class=\"e-con-inner\">\n\t\t\t\t<div class=\"elementor-element elementor-element-3198927 img-ratio-1-1-contain elementor-widget elementor-widget-image\" data-id=\"3198927\" data-element_type=\"widget\" data-e-type=\"widget\" data-widget_type=\"image.default\">\n\t\t\t\t<div class=\"elementor-widget-container\">\n\t\t\t\t\t\t\t\t\t\t\t\t\t\t\t<img loading=\"lazy\" decoding=\"async\" width=\"1000\" height=\"1000\" src=\"https:\/\/entredeux.nl\/wp-content\/uploads\/2025\/08\/Boekhandel-Dominicanen.jpg\" class=\"attachment-full size-full wp-image-410\" alt=\"\" srcset=\"https:\/\/entredeux.nl\/wp-content\/uploads\/2025\/08\/Boekhandel-Dominicanen.jpg 1000w, https:\/\/entredeux.nl\/wp-content\/uploads\/2025\/08\/Boekhandel-Dominicanen-300x300.jpg 300w, https:\/\/entredeux.nl\/wp-content\/uploads\/2025\/08\/Boekhandel-Dominicanen-150x150.jpg 150w, https:\/\/entredeux.nl\/wp-content\/uploads\/2025\/08\/Boekhandel-Dominicanen-768x768.jpg 768w\" sizes=\"(max-width: 1000px) 100vw, 1000px\" title=\"\">\t\t\t\t\t\t\t\t\t\t\t\t\t\t\t<\/div>\n\t\t\t\t<\/div>\n\t\t\t\t\t<\/div>\n\t\t\t\t<\/div>\n\t\t\t\t<\/div>\n\t\t<a href=\"https:\/\/entredeux.nl\/de\/winkels\/boekhandel-dominicanen\/\" class=\"jet-engine-listing-overlay-link\"><\/a><\/div><\/div><\/div><\/div>\t\t\t\t<\/div>\n\t\t\t\t<\/div>\n\t\t\t\t<div class=\"elementor-element elementor-element-715e096 elementor-align-center elementor-invisible elementor-widget elementor-widget-button\" data-id=\"715e096\" data-element_type=\"widget\" data-e-type=\"widget\" data-settings=\"{&quot;_animation&quot;:&quot;fadeInUp&quot;}\" data-widget_type=\"button.default\">\n\t\t\t\t<div class=\"elementor-widget-container\">\n\t\t\t\t\t\t\t\t\t<div class=\"elementor-button-wrapper\">\n\t\t\t\t\t<a class=\"elementor-button elementor-button-link elementor-size-md elementor-animation-sink\" href=\"https:\/\/entredeux.nl\/winkels\/\">\n\t\t\t\t\t\t<span class=\"elementor-button-content-wrapper\">\n\t\t\t\t\t\t\t\t\t<span class=\"elementor-button-text\">Bekijk Alle Winkels<\/span>\n\t\t\t\t\t<\/span>\n\t\t\t\t\t<\/a>\n\t\t\t\t<\/div>\n\t\t\t\t\t\t\t\t<\/div>\n\t\t\t\t<\/div>\n\t\t\t\t<\/div>\n\t\t\t\t\t<\/div>\n\t\t\t\t<\/div>\n\t\t\t\t<\/div>\n\t\t","protected":false},"excerpt":{"rendered":"<p>\u00d6ffnungszeiten \u00d6ffnungszeiten Sondertage Alle Gesch\u00e4fte anzeigen<\/p>","protected":false},"author":1,"featured_media":0,"parent":0,"menu_order":0,"comment_status":"closed","ping_status":"closed","template":"elementor_header_footer","meta":{"footnotes":""},"class_list":["post-586","page","type-page","status-publish","hentry"],"_links":{"self":[{"href":"https:\/\/entredeux.nl\/de\/wp-json\/wp\/v2\/pages\/586","targetHints":{"allow":["GET"]}}],"collection":[{"href":"https:\/\/entredeux.nl\/de\/wp-json\/wp\/v2\/pages"}],"about":[{"href":"https:\/\/entredeux.nl\/de\/wp-json\/wp\/v2\/types\/page"}],"author":[{"embeddable":true,"href":"https:\/\/entredeux.nl\/de\/wp-json\/wp\/v2\/users\/1"}],"replies":[{"embeddable":true,"href":"https:\/\/entredeux.nl\/de\/wp-json\/wp\/v2\/comments?post=586"}],"version-history":[{"count":5,"href":"https:\/\/entredeux.nl\/de\/wp-json\/wp\/v2\/pages\/586\/revisions"}],"predecessor-version":[{"id":777,"href":"https:\/\/entredeux.nl\/de\/wp-json\/wp\/v2\/pages\/586\/revisions\/777"}],"wp:attachment":[{"href":"https:\/\/entredeux.nl\/de\/wp-json\/wp\/v2\/media?parent=586"}],"curies":[{"name":"wp","href":"https:\/\/api.w.org\/{rel}","templated":true}]}}